{"id":140,"date":"2024-06-04T15:06:04","date_gmt":"2024-06-04T13:06:04","guid":{"rendered":"https:\/\/ckkmip.pl\/?page_id=140"},"modified":"2024-06-04T15:12:24","modified_gmt":"2024-06-04T13:12:24","slug":"szkolenia-tsr-podstawowe","status":"publish","type":"page","link":"https:\/\/ckkmip.pl\/en\/szkolenia-tsr-podstawowe\/","title":{"rendered":"Basic TSR trainings"},"content":{"rendered":"<h4 class=\"wp-block-heading has-outline-color has-text-color has-link-color wp-elements-107dfbe2ba022e33285f51d547040d9a\">Accredited Basic TSR trainings<\/h4>\n\n\n\n<blockquote class=\"wp-block-quote is-layout-flow wp-block-quote-is-layout-flow\">\n<p class=\"has-primary-color has-text-color has-link-color wp-elements-0bc00611eb0c509666a9c09602e3ac31\"><em><strong>Our TSR (Solution-Focused Therapy) trainings are recommended and accredited by the Polish Society of Solution-Focused Psychological Therapy. This is a confirmation of the highest<\/strong><\/em><\/p>\n<\/blockquote>\n\n\n\n<h2 class=\"wp-block-heading has-outline-color has-text-color has-link-color wp-elements-83fb27d27fec8c56dc47f7b2dc3908ca\">Basic TSR modules<\/h2>\n\n\n\n<p class=\"has-outline-color has-text-color has-link-color wp-elements-29854414008bb5c93335ba3a41748a2d\"><strong>Module I<\/strong><\/p>\n\n\n\n<ul class=\"has-outline-color has-text-color has-link-color wp-block-list wp-elements-e36fa7653b73276e1f64235cdabc5487\">\n<li>Fundamentals of therapy and work of a TSR therapist.<\/li>\n\n\n\n<li>Conversation rules and structure.<\/li>\n\n\n\n<li>Tools: questions and responses to standard situations.<\/li>\n\n\n\n<li>Trening prowadzenia pierwszej sesji.<\/li>\n<\/ul>\n\n\n\n<p class=\"has-outline-color has-text-color has-link-color wp-elements-dd2685052355e6ae6d86f0cc0e9931fb\"><strong>Module II.<\/strong><\/p>\n\n\n\n<ul class=\"has-outline-color has-text-color has-link-color wp-block-list wp-elements-f8d0eb228d45b94738b1b18fb4a56182\">\n<li>Response training in working with the client in conducting therapeutic conversations.<\/li>\n\n\n\n<li>Improvement of the therapist's workshop.<\/li>\n\n\n\n<li>Training in conducting subsequent sessions.<\/li>\n<\/ul>\n\n\n\n<p class=\"has-outline-color has-text-color has-link-color wp-elements-26cd7299eb4a87f7d7e0215bd4e38882\"><strong>Module III.<\/strong><\/p>\n\n\n\n<ul class=\"has-outline-color has-text-color has-link-color wp-block-list wp-elements-f15e5a0d6582896e8162987a94b80a1e\">\n<li>Training in key and \"extreme\" situations in conducting therapeutic conversations.<\/li>\n\n\n\n<li>Case study \u2013 improving the therapist's workshop.<\/li>\n<\/ul>\n\n\n\n<h2 class=\"wp-block-heading has-outline-color has-text-color has-link-color wp-elements-3aec82064167a8cd9720d32dda7c63ba\">Course of meetings:<\/h2>\n\n\n\n<p><\/p>\n\n\n\n<ul class=\"has-outline-color has-text-color has-link-color wp-block-list wp-elements-22b035678ab061c35e471504a29f18ae\">\n<li>1st meeting 2 days 10:00 \u2013 17:00<\/li>\n\n\n\n<li>2nd meeting 2 days 10:00 \u2013 17:00<\/li>\n\n\n\n<li>3rd meeting 3 days 10:00 \u2013 17:00<\/li>\n<\/ul>\n\n\n\n<h3 class=\"wp-block-heading has-outline-color has-text-color has-link-color wp-elements-c352cf6bad194618f7f2eec05be3ac2a\">Sign up for training and receive more information<\/h3>","protected":false},"excerpt":{"rendered":"<p>Akredytowane podstawowe szkolenia TSR Nasze szkolenia TSR (Terapia Skoncentrowana na Rozwi\u0105zaniach) s\u0105 rekomendowane i akredytowane przez Polskie Towarzystwo Psychologicznej Terapii Skoncentrowanej na Rozwi\u0105zaniach. To potwierdzenie najwy\u017cszych standard\u00f3w naszego programu edukacyjnego, co daje Wam, naszym kursantom, jeszcze wi\u0119ksz\u0105 pewno\u015b\u0107 i warto\u015b\u0107 oferowanej wiedzy. Modu\u0142y TSR Podstawowe Modu\u0142 I Modu\u0142 II Modu\u0142 III Przebieg spotka\u0144: Zapisz si\u0119 [&hellip;]<\/p>\n","protected":false},"author":1,"featured_media":0,"parent":0,"menu_order":0,"comment_status":"closed","ping_status":"closed","template":"","meta":{"_kadence_starter_templates_imported_post":false,"footnotes":""},"class_list":["post-140","page","type-page","status-publish","hentry"],"yoast_head":"<!-- This site is optimized with the Yoast SEO plugin v27.2 - https:\/\/yoast.com\/product\/yoast-seo-wordpress\/ -->\n<title>TSR Basic Training \u2013 program and deadlines | CKKMIP<\/title>\n<meta name=\"description\" content=\"Podstawowe szkolenie TSR w CKKMIP \u2014 akredytowany program 4 modu\u0142\u00f3w, praca warsztatowa, certyfikat. Sprawd\u017a program, terminy i zapisz si\u0119 na kurs TSR.\" \/>\n<meta name=\"robots\" content=\"index, follow, max-snippet:-1, max-image-preview:large, max-video-preview:-1\" \/>\n<link rel=\"canonical\" href=\"https:\/\/ckkmip.pl\/en\/szkolenia-tsr-podstawowe\/\" \/>\n<meta property=\"og:locale\" content=\"en_GB\" \/>\n<meta property=\"og:type\" content=\"article\" \/>\n<meta property=\"og:title\" content=\"TSR Basic Training \u2013 program and deadlines | CKKMIP\" \/>\n<meta property=\"og:description\" content=\"Podstawowe szkolenie TSR w CKKMIP \u2014 akredytowany program 4 modu\u0142\u00f3w, praca warsztatowa, certyfikat. Sprawd\u017a program, terminy i zapisz si\u0119 na kurs TSR.\" \/>\n<meta property=\"og:url\" content=\"https:\/\/ckkmip.pl\/en\/szkolenia-tsr-podstawowe\/\" \/>\n<meta property=\"og:site_name\" content=\"CKKMIP\" \/>\n<meta property=\"article:modified_time\" content=\"2024-06-04T13:12:24+00:00\" \/>\n<meta name=\"twitter:card\" content=\"summary_large_image\" \/>\n<meta name=\"twitter:label1\" content=\"Estimated reading time\" \/>\n\t<meta name=\"twitter:data1\" content=\"1 minute\" \/>\n<script type=\"application\/ld+json\" class=\"yoast-schema-graph\">{\"@context\":\"https:\/\/schema.org\",\"@graph\":[{\"@type\":\"WebPage\",\"@id\":\"https:\/\/ckkmip.pl\/szkolenia-tsr-podstawowe\/\",\"url\":\"https:\/\/ckkmip.pl\/szkolenia-tsr-podstawowe\/\",\"name\":\"Szkolenie TSR Podstawowe \u2013 program i terminy | CKKMIP\",\"isPartOf\":{\"@id\":\"https:\/\/ckkmip.pl\/#website\"},\"datePublished\":\"2024-06-04T13:06:04+00:00\",\"dateModified\":\"2024-06-04T13:12:24+00:00\",\"description\":\"Podstawowe szkolenie TSR w CKKMIP \u2014 akredytowany program 4 modu\u0142\u00f3w, praca warsztatowa, certyfikat. Sprawd\u017a program, terminy i zapisz si\u0119 na kurs TSR.\",\"breadcrumb\":{\"@id\":\"https:\/\/ckkmip.pl\/szkolenia-tsr-podstawowe\/#breadcrumb\"},\"inLanguage\":\"en-GB\",\"potentialAction\":[{\"@type\":\"ReadAction\",\"target\":[\"https:\/\/ckkmip.pl\/szkolenia-tsr-podstawowe\/\"]}]},{\"@type\":\"BreadcrumbList\",\"@id\":\"https:\/\/ckkmip.pl\/szkolenia-tsr-podstawowe\/#breadcrumb\",\"itemListElement\":[{\"@type\":\"ListItem\",\"position\":1,\"name\":\"Strona g\u0142\u00f3wna\",\"item\":\"https:\/\/ckkmip.pl\/\"},{\"@type\":\"ListItem\",\"position\":2,\"name\":\"Szkolenia TSR Podstawowe\"}]},{\"@type\":\"WebSite\",\"@id\":\"https:\/\/ckkmip.pl\/#website\",\"url\":\"https:\/\/ckkmip.pl\/\",\"name\":\"CKKMIP\",\"description\":\"Szkolenia TSR\",\"publisher\":{\"@id\":\"https:\/\/ckkmip.pl\/#organization\"},\"potentialAction\":[{\"@type\":\"SearchAction\",\"target\":{\"@type\":\"EntryPoint\",\"urlTemplate\":\"https:\/\/ckkmip.pl\/?s={search_term_string}\"},\"query-input\":{\"@type\":\"PropertyValueSpecification\",\"valueRequired\":true,\"valueName\":\"search_term_string\"}}],\"inLanguage\":\"en-GB\"},{\"@type\":\"Organization\",\"@id\":\"https:\/\/ckkmip.pl\/#organization\",\"name\":\"CKKMIP\",\"url\":\"https:\/\/ckkmip.pl\/\",\"logo\":{\"@type\":\"ImageObject\",\"inLanguage\":\"en-GB\",\"@id\":\"https:\/\/ckkmip.pl\/#\/schema\/logo\/image\/\",\"url\":\"https:\/\/ckkmip.pl\/wp-content\/uploads\/2024\/01\/296100640_579807133669653_3195914079451505221_n.jpg\",\"contentUrl\":\"https:\/\/ckkmip.pl\/wp-content\/uploads\/2024\/01\/296100640_579807133669653_3195914079451505221_n.jpg\",\"width\":1300,\"height\":1560,\"caption\":\"CKKMIP\"},\"image\":{\"@id\":\"https:\/\/ckkmip.pl\/#\/schema\/logo\/image\/\"}}]}<\/script>\n<!-- \/ Yoast SEO plugin. -->","yoast_head_json":{"title":"TSR Basic Training \u2013 program and deadlines | CKKMIP","description":"TSR Basic Training at CKKMIP - accredited program of 4 modules, workshop work, certificate. Check the program, deadlines and sign up for a TSR course.","robots":{"index":"index","follow":"follow","max-snippet":"max-snippet:-1","max-image-preview":"max-image-preview:large","max-video-preview":"max-video-preview:-1"},"canonical":"https:\/\/ckkmip.pl\/en\/szkolenia-tsr-podstawowe\/","og_locale":"en_GB","og_type":"article","og_title":"TSR Basic Training \u2013 program and deadlines | CKKMIP","og_description":"Podstawowe szkolenie TSR w CKKMIP \u2014 akredytowany program 4 modu\u0142\u00f3w, praca warsztatowa, certyfikat. Sprawd\u017a program, terminy i zapisz si\u0119 na kurs TSR.","og_url":"https:\/\/ckkmip.pl\/en\/szkolenia-tsr-podstawowe\/","og_site_name":"CKKMIP","article_modified_time":"2024-06-04T13:12:24+00:00","twitter_card":"summary_large_image","twitter_misc":{"Estimated reading time":"1 minute"},"schema":{"@context":"https:\/\/schema.org","@graph":[{"@type":"WebPage","@id":"https:\/\/ckkmip.pl\/szkolenia-tsr-podstawowe\/","url":"https:\/\/ckkmip.pl\/szkolenia-tsr-podstawowe\/","name":"TSR Basic Training \u2013 program and deadlines | CKKMIP","isPartOf":{"@id":"https:\/\/ckkmip.pl\/#website"},"datePublished":"2024-06-04T13:06:04+00:00","dateModified":"2024-06-04T13:12:24+00:00","description":"TSR Basic Training at CKKMIP - accredited program of 4 modules, workshop work, certificate. Check the program, deadlines and sign up for a TSR course.","breadcrumb":{"@id":"https:\/\/ckkmip.pl\/szkolenia-tsr-podstawowe\/#breadcrumb"},"inLanguage":"en-GB","potentialAction":[{"@type":"ReadAction","target":["https:\/\/ckkmip.pl\/szkolenia-tsr-podstawowe\/"]}]},{"@type":"BreadcrumbList","@id":"https:\/\/ckkmip.pl\/szkolenia-tsr-podstawowe\/#breadcrumb","itemListElement":[{"@type":"ListItem","position":1,"name":"Strona g\u0142\u00f3wna","item":"https:\/\/ckkmip.pl\/"},{"@type":"ListItem","position":2,"name":"Szkolenia TSR Podstawowe"}]},{"@type":"WebSite","@id":"https:\/\/ckkmip.pl\/#website","url":"https:\/\/ckkmip.pl\/","name":"CKKMIP","description":"TSR trainings","publisher":{"@id":"https:\/\/ckkmip.pl\/#organization"},"potentialAction":[{"@type":"SearchAction","target":{"@type":"EntryPoint","urlTemplate":"https:\/\/ckkmip.pl\/?s={search_term_string}"},"query-input":{"@type":"PropertyValueSpecification","valueRequired":true,"valueName":"search_term_string"}}],"inLanguage":"en-GB"},{"@type":"Organization","@id":"https:\/\/ckkmip.pl\/#organization","name":"CKKMIP","url":"https:\/\/ckkmip.pl\/","logo":{"@type":"ImageObject","inLanguage":"en-GB","@id":"https:\/\/ckkmip.pl\/#\/schema\/logo\/image\/","url":"https:\/\/ckkmip.pl\/wp-content\/uploads\/2024\/01\/296100640_579807133669653_3195914079451505221_n.jpg","contentUrl":"https:\/\/ckkmip.pl\/wp-content\/uploads\/2024\/01\/296100640_579807133669653_3195914079451505221_n.jpg","width":1300,"height":1560,"caption":"CKKMIP"},"image":{"@id":"https:\/\/ckkmip.pl\/#\/schema\/logo\/image\/"}}]}},"_links":{"self":[{"href":"https:\/\/ckkmip.pl\/en\/wp-json\/wp\/v2\/pages\/140","targetHints":{"allow":["GET"]}}],"collection":[{"href":"https:\/\/ckkmip.pl\/en\/wp-json\/wp\/v2\/pages"}],"about":[{"href":"https:\/\/ckkmip.pl\/en\/wp-json\/wp\/v2\/types\/page"}],"author":[{"embeddable":true,"href":"https:\/\/ckkmip.pl\/en\/wp-json\/wp\/v2\/users\/1"}],"replies":[{"embeddable":true,"href":"https:\/\/ckkmip.pl\/en\/wp-json\/wp\/v2\/comments?post=140"}],"version-history":[{"count":4,"href":"https:\/\/ckkmip.pl\/en\/wp-json\/wp\/v2\/pages\/140\/revisions"}],"predecessor-version":[{"id":149,"href":"https:\/\/ckkmip.pl\/en\/wp-json\/wp\/v2\/pages\/140\/revisions\/149"}],"wp:attachment":[{"href":"https:\/\/ckkmip.pl\/en\/wp-json\/wp\/v2\/media?parent=140"}],"curies":[{"name":"wp","href":"https:\/\/api.w.org\/{rel}","templated":true}]}}