{"id":151,"date":"2024-06-04T15:13:14","date_gmt":"2024-06-04T13:13:14","guid":{"rendered":"https:\/\/ckkmip.pl\/?page_id=151"},"modified":"2024-06-04T15:17:57","modified_gmt":"2024-06-04T13:17:57","slug":"szkolenie-tsr-poziom-zaawansowany","status":"publish","type":"page","link":"https:\/\/ckkmip.pl\/en\/szkolenie-tsr-poziom-zaawansowany\/","title":{"rendered":"TSR advanced level training"},"content":{"rendered":"\n<h4 class=\"wp-block-heading has-outline-color has-text-color has-link-color wp-elements-107dfbe2ba022e33285f51d547040d9a\">Akredytowane podstawowe szkolenia TSR<\/h4>\n\n\n\n<blockquote class=\"wp-block-quote is-layout-flow wp-block-quote-is-layout-flow\">\n<p class=\"has-primary-color has-text-color has-link-color wp-elements-0bc00611eb0c509666a9c09602e3ac31\"><em><strong>Nasze szkolenia TSR (Terapia Skoncentrowana na Rozwi\u0105zaniach) s\u0105 rekomendowane i akredytowane przez Polskie Towarzystwo Psychologicznej Terapii Skoncentrowanej na Rozwi\u0105zaniach. To potwierdzenie najwy\u017cszych standard\u00f3w naszego programu edukacyjnego, co daje Wam, naszym kursantom, jeszcze wi\u0119ksz\u0105 pewno\u015b\u0107 i warto\u015b\u0107 oferowanej wiedzy.<\/strong><\/em><\/p>\n<\/blockquote>\n\n\n\n<p><\/p>\n\n\n\n<h2 class=\"wp-block-heading has-outline-color has-text-color has-link-color wp-elements-305fcb1ce38df4090b54df0f8e215d84\">Przebieg szkole\u0144 TSR<\/h2>\n\n\n\n<p class=\"has-outline-color has-text-color has-link-color wp-elements-29854414008bb5c93335ba3a41748a2d\"><strong>Modu\u0142 I<\/strong><\/p>\n\n\n\n<p class=\"has-outline-color has-text-color has-link-color wp-elements-3c4392bcde8ce09cbe926eb20ff2b9f0\">Praca z osob\u0105 w kryzysie &#8211; samob\u00f3jstwo i zachowania autodestrukcyjne<br><\/p>\n\n\n\n<p class=\"has-outline-color has-text-color has-link-color wp-elements-dd2685052355e6ae6d86f0cc0e9931fb\"><strong>Modu\u0142 II<\/strong><\/p>\n\n\n\n<p class=\"has-outline-color has-text-color has-link-color wp-elements-f3eb2fcfbdf9c9fc6d17a8bd016e9814\">Zastosowanie TSR z klientem zg\u0142aszaj\u0105cym objawy depresyjne i l\u0119kowe<\/p>\n\n\n\n<p class=\"has-outline-color has-text-color has-link-color wp-elements-659473ed13c26d98af7b238a50650a21\"><br><strong>Modu\u0142 III<\/strong><\/p>\n\n\n\n<p class=\"has-outline-color has-text-color has-link-color wp-elements-10c5efd8b4331448683afa5f5877d4f3\"><br>3.1. Praca z traum\u0105<br>3.2. TSR w leczeniu os\u00f3b uzale\u017cnionych<\/p>\n\n\n\n<p class=\"has-outline-color has-text-color has-link-color wp-elements-fb0c1f444266ce68bda921def255ce58\"><br><strong>Modu\u0142 IV<\/strong><\/p>\n\n\n\n<p class=\"has-outline-color has-text-color has-link-color wp-elements-5f468d2fb7e54740f904ad44a5e7ad63\"><br>4.1. Praca z dzie\u0107mi i m\u0142odzie\u017c\u0105 w konwencji TSR.<br>4.2. Terapia rodzinna TSR.<\/p>\n\n\n\n<p class=\"has-outline-color has-text-color has-link-color wp-elements-b3452cb2c7b72aee64c7dceeb22bc796\"><br><strong>Modu\u0142 V<\/strong><\/p>\n\n\n\n<p class=\"has-outline-color has-text-color has-link-color wp-elements-b3a2654265376f5514e88f42792651f4\"><br>5.1. Wsparcie TSR w budowaniu relacji.<br>5.2. TSR w pracy z parami, diadami i triadami relacyjnymi.<br>5.3. TSR w do\u015bwiadczeniu grupowym<\/p>\n\n\n\n<div style=\"height:36px\" aria-hidden=\"true\" class=\"wp-block-spacer\"><\/div>\n\n\n\n<figure class=\"wp-block-gallery has-nested-images columns-default is-cropped wp-block-gallery-1 is-layout-flex wp-block-gallery-is-layout-flex\">\n<figure class=\"wp-block-image size-large\"><img fetchpriority=\"high\" decoding=\"async\" width=\"1024\" height=\"768\" data-id=\"157\" src=\"https:\/\/ckkmip.pl\/wp-content\/uploads\/2024\/06\/unnamed-1-1024x768.jpg\" alt=\"\" class=\"wp-image-157\" srcset=\"https:\/\/ckkmip.pl\/wp-content\/uploads\/2024\/06\/unnamed-1-1024x768.jpg 1024w, https:\/\/ckkmip.pl\/wp-content\/uploads\/2024\/06\/unnamed-1-300x225.jpg 300w, https:\/\/ckkmip.pl\/wp-content\/uploads\/2024\/06\/unnamed-1-768x576.jpg 768w, https:\/\/ckkmip.pl\/wp-content\/uploads\/2024\/06\/unnamed-1.jpg 1360w\" sizes=\"(max-width: 1024px) 100vw, 1024px\" \/><\/figure>\n\n\n\n<figure class=\"wp-block-image size-large\"><img decoding=\"async\" width=\"765\" height=\"1020\" data-id=\"155\" src=\"https:\/\/ckkmip.pl\/wp-content\/uploads\/2024\/06\/unnamed-2.jpg\" alt=\"\" class=\"wp-image-155\" srcset=\"https:\/\/ckkmip.pl\/wp-content\/uploads\/2024\/06\/unnamed-2.jpg 765w, https:\/\/ckkmip.pl\/wp-content\/uploads\/2024\/06\/unnamed-2-225x300.jpg 225w\" sizes=\"(max-width: 765px) 100vw, 765px\" \/><\/figure>\n\n\n\n<figure class=\"wp-block-image size-large\"><img decoding=\"async\" width=\"1024\" height=\"768\" data-id=\"156\" src=\"https:\/\/ckkmip.pl\/wp-content\/uploads\/2024\/06\/unnamed-3-1024x768.jpg\" alt=\"\" class=\"wp-image-156\" srcset=\"https:\/\/ckkmip.pl\/wp-content\/uploads\/2024\/06\/unnamed-3-1024x768.jpg 1024w, https:\/\/ckkmip.pl\/wp-content\/uploads\/2024\/06\/unnamed-3-300x225.jpg 300w, https:\/\/ckkmip.pl\/wp-content\/uploads\/2024\/06\/unnamed-3-768x576.jpg 768w, https:\/\/ckkmip.pl\/wp-content\/uploads\/2024\/06\/unnamed-3.jpg 1360w\" sizes=\"(max-width: 1024px) 100vw, 1024px\" \/><\/figure>\n<\/figure>\n\n\n\n<div style=\"height:36px\" aria-hidden=\"true\" class=\"wp-block-spacer\"><\/div>\n\n\n\n<p><\/p>\n\n\n\n<h2 class=\"wp-block-heading has-outline-color has-text-color has-link-color wp-elements-5a19422ae087f5eed2a6f6054ae90f08\">Zapisz si\u0119 i otrzymaj wi\u0119cej informacji:<\/h2>\n\n\n\n<p><\/p>\n\n\n<div class='fluentform ff-default fluentform_wrapper_5 ffs_default_wrap'><form data-form_id=\"5\" id=\"fluentform_5\" class=\"frm-fluent-form fluent_form_5 ff-el-form-top ff_form_instance_5_1 ff-form-loading ffs_default\" data-form_instance=\"ff_form_instance_5_1\" method=\"POST\" ><fieldset  style=\"border: none!important;margin: 0!important;padding: 0!important;background-color: transparent!important;box-shadow: none!important;outline: none!important; min-inline-size: 100%;\">\n                    <legend class=\"ff_screen_reader_title\" style=\"display: block; margin: 0!important;padding: 0!important;height: 0!important;text-indent: -999999px;width: 0!important;overflow:hidden;\">TSR Zg\u0142oszenie Zaawansowane<\/legend><p style=\"display: none !important;\" class=\"akismet-fields-container\" data-prefix=\"ak_\"><label>&#916;<textarea name=\"ak_hp_textarea\" cols=\"45\" rows=\"8\" maxlength=\"100\"><\/textarea><\/label><input type=\"hidden\" id=\"ak_js_1\" name=\"ak_js\" value=\"68\"\/><script>document.getElementById( \"ak_js_1\" ).setAttribute( \"value\", ( new Date() ).getTime() );<\/script><\/p><input type='hidden' name='__fluent_form_embded_post_id' value='151' \/><input type=\"hidden\" id=\"_fluentform_5_fluentformnonce\" name=\"_fluentform_5_fluentformnonce\" value=\"e27c670f8e\" \/><input type=\"hidden\" name=\"_wp_http_referer\" value=\"\/en\/wp-json\/wp\/v2\/pages\/151\" \/><div class='ff-el-group'><div class=\"ff-el-input--label asterisk-right\"><label for='ff_5_dropdown_2' id='label_ff_5_dropdown_2' aria-label=\"Czy interesuje Ci\u0119 superwizja?\">Czy interesuje Ci\u0119 superwizja?<\/label><\/div><div class='ff-el-input--content'><select name=\"dropdown_2\" id=\"ff_5_dropdown_2\" class=\"ff-el-form-control\" data-name=\"dropdown_2\" data-calc_value=\"0\"  aria-invalid=\"false\" aria-required=\"false\" aria-labelledby=\"label_ff_5_dropdown_2\"><option value=\"\">- Wybierz -<\/option><option value=\"Tak\"  >Tak<\/option><option value=\"Nie\"  >Nie<\/option><\/select><\/div><\/div><div class='ff-el-group'><div class=\"ff-el-input--label ff-el-is-required asterisk-right\"><label for='ff_5_dropdown_3' id='label_ff_5_dropdown_3' aria-label=\"Czy chcesz otrzyma\u0107 faktur\u0119 VAT?\">Czy chcesz otrzyma\u0107 faktur\u0119 VAT?<\/label><\/div><div class='ff-el-input--content'><select name=\"dropdown_3\" id=\"ff_5_dropdown_3\" class=\"ff-el-form-control\" data-name=\"dropdown_3\" data-calc_value=\"0\"  aria-invalid=\"false\" aria-required=\"true\" aria-labelledby=\"label_ff_5_dropdown_3\"><option value=\"\">- Wybierz -<\/option><option value=\"Tak\"  >Tak<\/option><option value=\"Nie\"  >Nie<\/option><\/select><\/div><\/div><div data-type=\"name-element\" data-name=\"names\" class=\" ff-field_container ff-name-field-wrapper\" ><div class='ff-t-container'><div class='ff-t-cell '><div class='ff-el-group ff-el-form-top'><div class=\"ff-el-input--label ff-el-is-required asterisk-right\"><label for='ff_5_names_first_name_' id='label_ff_5_names_first_name_' >Twoje imi\u0119<\/label><\/div><div class='ff-el-input--content'><input type=\"text\" name=\"names[first_name]\" id=\"ff_5_names_first_name_\" class=\"ff-el-form-control\" aria-invalid=\"false\" aria-required=true><\/div><\/div><\/div><div class='ff-t-cell '><div class='ff-el-group ff-el-form-top'><div class=\"ff-el-input--label ff-el-is-required asterisk-right\"><label for='ff_5_names_last_name_' id='label_ff_5_names_last_name_' >Twoje nazwisko<\/label><\/div><div class='ff-el-input--content'><input type=\"text\" name=\"names[last_name]\" id=\"ff_5_names_last_name_\" class=\"ff-el-form-control\" aria-invalid=\"false\" aria-required=true><\/div><\/div><\/div><\/div><\/div><div class='ff-el-group'><div class=\"ff-el-input--label ff-el-is-required asterisk-right\"><label for='ff_5_email' id='label_ff_5_email' aria-label=\"Email\">Email<\/label><\/div><div class='ff-el-input--content'><input type=\"email\" name=\"email\" id=\"ff_5_email\" class=\"ff-el-form-control\" data-name=\"email\"  aria-invalid=\"false\" aria-required=true><\/div><\/div><div class='ff-el-group'><div class=\"ff-el-input--label ff-el-is-required asterisk-right\"><label for='ff_5_numeric-field' id='label_ff_5_numeric-field' aria-label=\"Numer kontaktowy\">Numer kontaktowy<\/label><\/div><div class='ff-el-input--content'><input type=\"number\" name=\"numeric-field\" id=\"ff_5_numeric-field\" class=\"ff-el-form-control\" data-name=\"numeric-field\" inputmode=\"numeric\" step=\"any\"  aria-invalid=\"false\" aria-required=true><\/div><\/div><div class='ff-el-group ff-text-left ff_submit_btn_wrapper'><button type=\"submit\" class=\"ff-btn ff-btn-submit ff-btn-md ff_btn_style\"  aria-label=\"Wy\u015blij\">Wy\u015blij<\/button><\/div><\/fieldset><\/form><div id='fluentform_5_errors' class='ff-errors-in-stack ff_form_instance_5_1 ff-form-loading_errors ff_form_instance_5_1_errors'><\/div><\/div>            <script type=\"text\/javascript\">\n                window.fluent_form_ff_form_instance_5_1 = {\"id\":\"5\",\"settings\":{\"layout\":{\"labelPlacement\":\"top\",\"helpMessagePlacement\":\"with_label\",\"errorMessagePlacement\":\"inline\",\"cssClassName\":\"\",\"asteriskPlacement\":\"asterisk-right\"},\"restrictions\":{\"denyEmptySubmission\":{\"enabled\":false}}},\"form_instance\":\"ff_form_instance_5_1\",\"form_id_selector\":\"fluentform_5\",\"rules\":{\"dropdown_2\":{\"required\":{\"value\":false,\"message\":\"To pole jest wymagane\",\"global_message\":\"This field is required\",\"global\":true}},\"dropdown_3\":{\"required\":{\"value\":true,\"message\":\"To pole jest wymagane\",\"global_message\":\"This field is required\",\"global\":true}},\"names[first_name]\":{\"required\":{\"value\":true,\"message\":\"To pole jest wymagane\",\"global_message\":\"This field is required\",\"global\":true}},\"names[middle_name]\":{\"required\":{\"value\":false,\"message\":\"To pole jest wymagane\",\"global_message\":\"This field is required\",\"global\":true}},\"names[last_name]\":{\"required\":{\"value\":true,\"message\":\"To pole jest wymagane\",\"global_message\":\"This field is required\",\"global\":true}},\"email\":{\"required\":{\"value\":true,\"message\":\"To pole jest wymagane\",\"global_message\":\"This field is required\",\"global\":true},\"email\":{\"value\":true,\"message\":\"To pole musi zawiera\\u0107 poprawny e-mail\",\"global_message\":\"This field must contain a valid email\",\"global\":true}},\"numeric-field\":{\"required\":{\"value\":true,\"message\":\"To pole jest wymagane\",\"global_message\":\"This field is required\",\"global\":true},\"numeric\":{\"value\":true,\"message\":\"Sprawd\\u017a poprawno\\u015b\\u0107 numeru telefonu\",\"global_message\":\"This field must contain numeric value\",\"global\":true},\"min\":{\"value\":\"\",\"message\":\"Validation fails for minimum value\",\"global_message\":\"Validation fails for minimum value\",\"global\":true},\"max\":{\"value\":\"\",\"message\":\"Validation fails for maximum value\",\"global_message\":\"Validation fails for maximum value\",\"global\":true},\"digits\":{\"value\":\"\",\"message\":\"Validation fails for limited digits\",\"global_message\":\"Validation fails for limited digits\",\"global\":true}}},\"debounce_time\":300};\n                            <\/script>\n            \n","protected":false},"excerpt":{"rendered":"<p>Akredytowane podstawowe szkolenia TSR Nasze szkolenia TSR (Terapia Skoncentrowana na Rozwi\u0105zaniach) s\u0105 rekomendowane i akredytowane przez Polskie Towarzystwo Psychologicznej Terapii Skoncentrowanej na Rozwi\u0105zaniach. To potwierdzenie najwy\u017cszych standard\u00f3w naszego programu edukacyjnego, co daje Wam, naszym kursantom, jeszcze wi\u0119ksz\u0105 pewno\u015b\u0107 i warto\u015b\u0107 oferowanej wiedzy. Przebieg szkole\u0144 TSR Modu\u0142 I Praca z osob\u0105 w kryzysie &#8211; samob\u00f3jstwo i [&hellip;]<\/p>\n","protected":false},"author":1,"featured_media":0,"parent":0,"menu_order":0,"comment_status":"closed","ping_status":"closed","template":"","meta":{"_kadence_starter_templates_imported_post":false,"footnotes":""},"class_list":["post-151","page","type-page","status-publish","hentry"],"yoast_head":"<!-- This site is optimized with the Yoast SEO plugin v27.2 - https:\/\/yoast.com\/product\/yoast-seo-wordpress\/ -->\n<title>Advanced TSR Training \u2013 Therapist Certification | CKKMIP<\/title>\n<meta name=\"description\" content=\"Zaawansowane szkolenie TSR dla os\u00f3b po kursie podstawowym. Pog\u0142\u0119biony program, praca z trudnymi przypadkami i \u015bcie\u017cka do certyfikatu terapeuty TSR.\" \/>\n<meta name=\"robots\" content=\"index, follow, max-snippet:-1, max-image-preview:large, max-video-preview:-1\" \/>\n<link rel=\"canonical\" href=\"https:\/\/ckkmip.pl\/en\/szkolenie-tsr-poziom-zaawansowany\/\" \/>\n<meta property=\"og:locale\" content=\"en_GB\" \/>\n<meta property=\"og:type\" content=\"article\" \/>\n<meta property=\"og:title\" content=\"Advanced TSR Training \u2013 Therapist Certification | CKKMIP\" \/>\n<meta property=\"og:description\" content=\"Zaawansowane szkolenie TSR dla os\u00f3b po kursie podstawowym. Pog\u0142\u0119biony program, praca z trudnymi przypadkami i \u015bcie\u017cka do certyfikatu terapeuty TSR.\" \/>\n<meta property=\"og:url\" content=\"https:\/\/ckkmip.pl\/en\/szkolenie-tsr-poziom-zaawansowany\/\" \/>\n<meta property=\"og:site_name\" content=\"CKKMIP\" \/>\n<meta property=\"article:modified_time\" content=\"2024-06-04T13:17:57+00:00\" \/>\n<meta property=\"og:image\" content=\"https:\/\/ckkmip.pl\/wp-content\/uploads\/2024\/06\/unnamed-1-1024x768.jpg\" \/>\n<meta name=\"twitter:card\" content=\"summary_large_image\" \/>\n<meta name=\"twitter:label1\" content=\"Estimated reading time\" \/>\n\t<meta name=\"twitter:data1\" content=\"1 minute\" \/>\n<script type=\"application\/ld+json\" class=\"yoast-schema-graph\">{\"@context\":\"https:\/\/schema.org\",\"@graph\":[{\"@type\":\"WebPage\",\"@id\":\"https:\/\/ckkmip.pl\/szkolenie-tsr-poziom-zaawansowany\/\",\"url\":\"https:\/\/ckkmip.pl\/szkolenie-tsr-poziom-zaawansowany\/\",\"name\":\"Szkolenie TSR Zaawansowane \u2013 certyfikacja terapeuty | CKKMIP\",\"isPartOf\":{\"@id\":\"https:\/\/ckkmip.pl\/#website\"},\"primaryImageOfPage\":{\"@id\":\"https:\/\/ckkmip.pl\/szkolenie-tsr-poziom-zaawansowany\/#primaryimage\"},\"image\":{\"@id\":\"https:\/\/ckkmip.pl\/szkolenie-tsr-poziom-zaawansowany\/#primaryimage\"},\"thumbnailUrl\":\"https:\/\/ckkmip.pl\/wp-content\/uploads\/2024\/06\/unnamed-1-1024x768.jpg\",\"datePublished\":\"2024-06-04T13:13:14+00:00\",\"dateModified\":\"2024-06-04T13:17:57+00:00\",\"description\":\"Zaawansowane szkolenie TSR dla os\u00f3b po kursie podstawowym. Pog\u0142\u0119biony program, praca z trudnymi przypadkami i \u015bcie\u017cka do certyfikatu terapeuty TSR.\",\"breadcrumb\":{\"@id\":\"https:\/\/ckkmip.pl\/szkolenie-tsr-poziom-zaawansowany\/#breadcrumb\"},\"inLanguage\":\"en-GB\",\"potentialAction\":[{\"@type\":\"ReadAction\",\"target\":[\"https:\/\/ckkmip.pl\/szkolenie-tsr-poziom-zaawansowany\/\"]}]},{\"@type\":\"ImageObject\",\"inLanguage\":\"en-GB\",\"@id\":\"https:\/\/ckkmip.pl\/szkolenie-tsr-poziom-zaawansowany\/#primaryimage\",\"url\":\"https:\/\/ckkmip.pl\/wp-content\/uploads\/2024\/06\/unnamed-1-1024x768.jpg\",\"contentUrl\":\"https:\/\/ckkmip.pl\/wp-content\/uploads\/2024\/06\/unnamed-1-1024x768.jpg\"},{\"@type\":\"BreadcrumbList\",\"@id\":\"https:\/\/ckkmip.pl\/szkolenie-tsr-poziom-zaawansowany\/#breadcrumb\",\"itemListElement\":[{\"@type\":\"ListItem\",\"position\":1,\"name\":\"Strona g\u0142\u00f3wna\",\"item\":\"https:\/\/ckkmip.pl\/\"},{\"@type\":\"ListItem\",\"position\":2,\"name\":\"Szkolenie TSR poziom zaawansowany\"}]},{\"@type\":\"WebSite\",\"@id\":\"https:\/\/ckkmip.pl\/#website\",\"url\":\"https:\/\/ckkmip.pl\/\",\"name\":\"CKKMIP\",\"description\":\"Szkolenia TSR\",\"publisher\":{\"@id\":\"https:\/\/ckkmip.pl\/#organization\"},\"potentialAction\":[{\"@type\":\"SearchAction\",\"target\":{\"@type\":\"EntryPoint\",\"urlTemplate\":\"https:\/\/ckkmip.pl\/?s={search_term_string}\"},\"query-input\":{\"@type\":\"PropertyValueSpecification\",\"valueRequired\":true,\"valueName\":\"search_term_string\"}}],\"inLanguage\":\"en-GB\"},{\"@type\":\"Organization\",\"@id\":\"https:\/\/ckkmip.pl\/#organization\",\"name\":\"CKKMIP\",\"url\":\"https:\/\/ckkmip.pl\/\",\"logo\":{\"@type\":\"ImageObject\",\"inLanguage\":\"en-GB\",\"@id\":\"https:\/\/ckkmip.pl\/#\/schema\/logo\/image\/\",\"url\":\"https:\/\/ckkmip.pl\/wp-content\/uploads\/2024\/01\/296100640_579807133669653_3195914079451505221_n.jpg\",\"contentUrl\":\"https:\/\/ckkmip.pl\/wp-content\/uploads\/2024\/01\/296100640_579807133669653_3195914079451505221_n.jpg\",\"width\":1300,\"height\":1560,\"caption\":\"CKKMIP\"},\"image\":{\"@id\":\"https:\/\/ckkmip.pl\/#\/schema\/logo\/image\/\"}}]}<\/script>\n<!-- \/ Yoast SEO plugin. -->","yoast_head_json":{"title":"Advanced TSR Training \u2013 Therapist Certification | CKKMIP","description":"Advanced TSR training for people who have completed the basic course. An in-depth program, work with difficult cases and a path to a TSR therapist certificate.","robots":{"index":"index","follow":"follow","max-snippet":"max-snippet:-1","max-image-preview":"max-image-preview:large","max-video-preview":"max-video-preview:-1"},"canonical":"https:\/\/ckkmip.pl\/en\/szkolenie-tsr-poziom-zaawansowany\/","og_locale":"en_GB","og_type":"article","og_title":"Advanced TSR Training \u2013 Therapist Certification | CKKMIP","og_description":"Zaawansowane szkolenie TSR dla os\u00f3b po kursie podstawowym. Pog\u0142\u0119biony program, praca z trudnymi przypadkami i \u015bcie\u017cka do certyfikatu terapeuty TSR.","og_url":"https:\/\/ckkmip.pl\/en\/szkolenie-tsr-poziom-zaawansowany\/","og_site_name":"CKKMIP","article_modified_time":"2024-06-04T13:17:57+00:00","og_image":[{"url":"https:\/\/ckkmip.pl\/wp-content\/uploads\/2024\/06\/unnamed-1-1024x768.jpg","type":"","width":"","height":""}],"twitter_card":"summary_large_image","twitter_misc":{"Estimated reading time":"1 minute"},"schema":{"@context":"https:\/\/schema.org","@graph":[{"@type":"WebPage","@id":"https:\/\/ckkmip.pl\/szkolenie-tsr-poziom-zaawansowany\/","url":"https:\/\/ckkmip.pl\/szkolenie-tsr-poziom-zaawansowany\/","name":"Advanced TSR Training \u2013 Therapist Certification | CKKMIP","isPartOf":{"@id":"https:\/\/ckkmip.pl\/#website"},"primaryImageOfPage":{"@id":"https:\/\/ckkmip.pl\/szkolenie-tsr-poziom-zaawansowany\/#primaryimage"},"image":{"@id":"https:\/\/ckkmip.pl\/szkolenie-tsr-poziom-zaawansowany\/#primaryimage"},"thumbnailUrl":"https:\/\/ckkmip.pl\/wp-content\/uploads\/2024\/06\/unnamed-1-1024x768.jpg","datePublished":"2024-06-04T13:13:14+00:00","dateModified":"2024-06-04T13:17:57+00:00","description":"Advanced TSR training for people who have completed the basic course. An in-depth program, work with difficult cases and a path to a TSR therapist certificate.","breadcrumb":{"@id":"https:\/\/ckkmip.pl\/szkolenie-tsr-poziom-zaawansowany\/#breadcrumb"},"inLanguage":"en-GB","potentialAction":[{"@type":"ReadAction","target":["https:\/\/ckkmip.pl\/szkolenie-tsr-poziom-zaawansowany\/"]}]},{"@type":"ImageObject","inLanguage":"en-GB","@id":"https:\/\/ckkmip.pl\/szkolenie-tsr-poziom-zaawansowany\/#primaryimage","url":"https:\/\/ckkmip.pl\/wp-content\/uploads\/2024\/06\/unnamed-1-1024x768.jpg","contentUrl":"https:\/\/ckkmip.pl\/wp-content\/uploads\/2024\/06\/unnamed-1-1024x768.jpg"},{"@type":"BreadcrumbList","@id":"https:\/\/ckkmip.pl\/szkolenie-tsr-poziom-zaawansowany\/#breadcrumb","itemListElement":[{"@type":"ListItem","position":1,"name":"Strona g\u0142\u00f3wna","item":"https:\/\/ckkmip.pl\/"},{"@type":"ListItem","position":2,"name":"Szkolenie TSR poziom zaawansowany"}]},{"@type":"WebSite","@id":"https:\/\/ckkmip.pl\/#website","url":"https:\/\/ckkmip.pl\/","name":"CKKMIP","description":"TSR trainings","publisher":{"@id":"https:\/\/ckkmip.pl\/#organization"},"potentialAction":[{"@type":"SearchAction","target":{"@type":"EntryPoint","urlTemplate":"https:\/\/ckkmip.pl\/?s={search_term_string}"},"query-input":{"@type":"PropertyValueSpecification","valueRequired":true,"valueName":"search_term_string"}}],"inLanguage":"en-GB"},{"@type":"Organization","@id":"https:\/\/ckkmip.pl\/#organization","name":"CKKMIP","url":"https:\/\/ckkmip.pl\/","logo":{"@type":"ImageObject","inLanguage":"en-GB","@id":"https:\/\/ckkmip.pl\/#\/schema\/logo\/image\/","url":"https:\/\/ckkmip.pl\/wp-content\/uploads\/2024\/01\/296100640_579807133669653_3195914079451505221_n.jpg","contentUrl":"https:\/\/ckkmip.pl\/wp-content\/uploads\/2024\/01\/296100640_579807133669653_3195914079451505221_n.jpg","width":1300,"height":1560,"caption":"CKKMIP"},"image":{"@id":"https:\/\/ckkmip.pl\/#\/schema\/logo\/image\/"}}]}},"_links":{"self":[{"href":"https:\/\/ckkmip.pl\/en\/wp-json\/wp\/v2\/pages\/151","targetHints":{"allow":["GET"]}}],"collection":[{"href":"https:\/\/ckkmip.pl\/en\/wp-json\/wp\/v2\/pages"}],"about":[{"href":"https:\/\/ckkmip.pl\/en\/wp-json\/wp\/v2\/types\/page"}],"author":[{"embeddable":true,"href":"https:\/\/ckkmip.pl\/en\/wp-json\/wp\/v2\/users\/1"}],"replies":[{"embeddable":true,"href":"https:\/\/ckkmip.pl\/en\/wp-json\/wp\/v2\/comments?post=151"}],"version-history":[{"count":4,"href":"https:\/\/ckkmip.pl\/en\/wp-json\/wp\/v2\/pages\/151\/revisions"}],"predecessor-version":[{"id":163,"href":"https:\/\/ckkmip.pl\/en\/wp-json\/wp\/v2\/pages\/151\/revisions\/163"}],"wp:attachment":[{"href":"https:\/\/ckkmip.pl\/en\/wp-json\/wp\/v2\/media?parent=151"}],"curies":[{"name":"wp","href":"https:\/\/api.w.org\/{rel}","templated":true}]}}