{"id":3,"date":"2024-01-22T15:19:33","date_gmt":"2024-01-22T14:19:33","guid":{"rendered":"http:\/\/ckkmip.pl\/?page_id=3"},"modified":"2025-01-27T09:27:52","modified_gmt":"2025-01-27T08:27:52","slug":"polityka-prywatnosci","status":"publish","type":"page","link":"https:\/\/ckkmip.pl\/en\/polityka-prywatnosci\/","title":{"rendered":"Privacy policy"},"content":{"rendered":"<h2 class=\"wp-block-heading\">Who we are<\/h2>\n\n\n\n<p class=\"has-outline-color has-text-color has-link-color wp-elements-3f588d8d0d2651ff8c7d0cf17598446d\">The address of our website is: http:\/\/ckkmip.pl.<\/p>\n\n\n\n<h2 class=\"wp-block-heading\">Komentarze<\/h2>\n\n\n\n<p class=\"has-outline-color has-text-color has-link-color wp-elements-08dfab8051212ac4bf5fc13ad37af678\">When a visitor leaves a comment, we collect the data visible in the comment form, as well as the visitor's IP address and browser signature to help detect spam.<\/p>\n\n\n\n<p class=\"has-outline-color has-text-color has-link-color wp-elements-1eb4a4a30bd9a7b28e67518b1b129899\">An anonymized string created from your email address (also called a hash) can be sent to Gravatar to see if it's in use. Gravatar's privacy policy is d<\/p>\n\n\n\n<h2 class=\"wp-block-heading\">Media<\/h2>\n\n\n\n<p class=\"has-transparent-background-color has-background\">If you are a registered user and upload images to the site, you should avoid uploading images with EXIF location tags. Visitors to the website can download and read the full details of the stores<\/p>\n\n\n\n<h2 class=\"wp-block-heading\">Ciasteczka<\/h2>\n\n\n\n<p class=\"has-outline-color has-text-color has-link-color wp-elements-4d564ff734045773da40b281db455c48\">If you comment on something on the website, you will be able to select the option to save the name, email address and website in cookies, thanks to which, when writing subsequent comments, the above information b<\/p>\n\n\n\n<p>If you visit the login page, we will create a temporary cookie to check whether your browser accepts cookies. It does not contain any personal data and will be deleted, k<\/p>\n\n\n\n<p>When logging in, we also create several cookies needed to save your login information and selected screen options. Login cookies expire after two days and screen options after ro<\/p>\n\n\n\n<p>If you modify or publish an article, an additional cookie will be saved in your browser. This cookie does not contain any personal data, pointing straight<\/p>\n\n\n\n<h2 class=\"wp-block-heading\">Embedded content from other sites<\/h2>\n\n\n\n<p>Articles on this website may contain embedded content (e.g. videos, images, articles, etc.). Embedded content from other websites behaves in the same way as if the user visited a specific website directly.<\/p>\n\n\n\n<p>Sites may collect information about you, use cookies, include additional third-party tracking systems, and monitor your interactions with embedded material, including tracking your interactions with embedded material if you have an account and are logged in to that site.<\/p>\n\n\n\n<h2 class=\"wp-block-heading\">Who do we share data with<\/h2>\n\n\n\n<p>If you request a password reset, your IP address will be included with the message you're sending.<\/p>\n\n\n\n<h2 class=\"wp-block-heading\">How long we keep your data<\/h2>\n\n\n\n<p>If you leave a comment, its content and metadata will be kept indefinitely. Thanks to this, we are able to recognize and approve subsequent comments automatically, without sending them<\/p>\n\n\n\n<p>For users who have registered on our website (if any), we also store personal information entered in the profile. Any user can inspect, correct<\/p>\n\n\n\n<h2 class=\"wp-block-heading\">What rights do you have over your data<\/h2>\n\n\n\n<p><strong class=\"privacy-policy-tutorial\"> <\/strong>If you have a user account or have added comments on this website, you can request to provide a file with the exported set of your personal data in our possession, including all t<\/p>\n\n\n\n<h2 class=\"wp-block-heading\">Where we will send your data<\/h2>\n\n\n\n<p><strong class=\"privacy-policy-tutorial\"> <\/strong>Guest comments can be checked using an automated spam detection service.<\/p>","protected":false},"excerpt":{"rendered":"<p>Kim jeste\u015bmy Adres naszej strony internetowej to: http:\/\/ckkmip.pl. Komentarze Kiedy odwiedzaj\u0105cy witryn\u0119 zostawia komentarz, zbieramy dane widoczne w formularzu komentowania, jak i adres IP odwiedzaj\u0105cego oraz podpis jego przegl\u0105darki jako pomoc przy wykrywaniu spamu. Anonimizowany ci\u0105g znak\u00f3w utworzony z twojego adresu e-mail (zwany te\u017c hashem) mo\u017ce zosta\u0107 przes\u0142any do us\u0142ugi Gravatar w celu sprawdzenia czy [&hellip;]<\/p>\n","protected":false},"author":1,"featured_media":0,"parent":0,"menu_order":0,"comment_status":"closed","ping_status":"open","template":"","meta":{"_kadence_starter_templates_imported_post":false,"footnotes":""},"class_list":["post-3","page","type-page","status-publish","hentry"],"yoast_head":"<!-- This site is optimized with the Yoast SEO plugin v27.2 - https:\/\/yoast.com\/product\/yoast-seo-wordpress\/ -->\n<title>In what situations should you use the principles of TSR therapy?<\/title>\n<meta name=\"robots\" content=\"index, follow, max-snippet:-1, max-image-preview:large, max-video-preview:-1\" \/>\n<link rel=\"canonical\" href=\"https:\/\/ckkmip.pl\/en\/polityka-prywatnosci\/\" \/>\n<meta property=\"og:locale\" content=\"en_GB\" \/>\n<meta property=\"og:type\" content=\"article\" \/>\n<meta property=\"og:title\" content=\"In what situations should you use the principles of TSR therapy?\" \/>\n<meta property=\"og:description\" content=\"Kim jeste\u015bmy Adres naszej strony internetowej to: http:\/\/ckkmip.pl. Komentarze Kiedy odwiedzaj\u0105cy witryn\u0119 zostawia komentarz, zbieramy dane widoczne w formularzu komentowania, jak i adres IP odwiedzaj\u0105cego oraz podpis jego przegl\u0105darki jako pomoc przy wykrywaniu spamu. Anonimizowany ci\u0105g znak\u00f3w utworzony z twojego adresu e-mail (zwany te\u017c hashem) mo\u017ce zosta\u0107 przes\u0142any do us\u0142ugi Gravatar w celu sprawdzenia czy [&hellip;]\" \/>\n<meta property=\"og:url\" content=\"https:\/\/ckkmip.pl\/en\/polityka-prywatnosci\/\" \/>\n<meta property=\"og:site_name\" content=\"CKKMIP\" \/>\n<meta property=\"article:modified_time\" content=\"2025-01-27T08:27:52+00:00\" \/>\n<meta name=\"twitter:card\" content=\"summary_large_image\" \/>\n<meta name=\"twitter:label1\" content=\"Estimated reading time\" \/>\n\t<meta name=\"twitter:data1\" content=\"4 minutes\" \/>\n<script type=\"application\/ld+json\" class=\"yoast-schema-graph\">{\"@context\":\"https:\/\/schema.org\",\"@graph\":[{\"@type\":\"WebPage\",\"@id\":\"https:\/\/ckkmip.pl\/en\/polityka-prywatnosci\/\",\"url\":\"https:\/\/ckkmip.pl\/en\/polityka-prywatnosci\/\",\"name\":\"Polityka prywatno\u015bci - CKKMIP\",\"isPartOf\":{\"@id\":\"https:\/\/ckkmip.pl\/#website\"},\"datePublished\":\"2024-01-22T14:19:33+00:00\",\"dateModified\":\"2025-01-27T08:27:52+00:00\",\"breadcrumb\":{\"@id\":\"https:\/\/ckkmip.pl\/en\/polityka-prywatnosci\/#breadcrumb\"},\"inLanguage\":\"en-GB\",\"potentialAction\":[{\"@type\":\"ReadAction\",\"target\":[\"https:\/\/ckkmip.pl\/en\/polityka-prywatnosci\/\"]}]},{\"@type\":\"BreadcrumbList\",\"@id\":\"https:\/\/ckkmip.pl\/en\/polityka-prywatnosci\/#breadcrumb\",\"itemListElement\":[{\"@type\":\"ListItem\",\"position\":1,\"name\":\"Strona g\u0142\u00f3wna\",\"item\":\"https:\/\/ckkmip.pl\/\"},{\"@type\":\"ListItem\",\"position\":2,\"name\":\"Polityka prywatno\u015bci\"}]},{\"@type\":\"WebSite\",\"@id\":\"https:\/\/ckkmip.pl\/#website\",\"url\":\"https:\/\/ckkmip.pl\/\",\"name\":\"CKKMIP\",\"description\":\"Szkolenia TSR\",\"publisher\":{\"@id\":\"https:\/\/ckkmip.pl\/#organization\"},\"potentialAction\":[{\"@type\":\"SearchAction\",\"target\":{\"@type\":\"EntryPoint\",\"urlTemplate\":\"https:\/\/ckkmip.pl\/?s={search_term_string}\"},\"query-input\":{\"@type\":\"PropertyValueSpecification\",\"valueRequired\":true,\"valueName\":\"search_term_string\"}}],\"inLanguage\":\"en-GB\"},{\"@type\":\"Organization\",\"@id\":\"https:\/\/ckkmip.pl\/#organization\",\"name\":\"CKKMIP\",\"url\":\"https:\/\/ckkmip.pl\/\",\"logo\":{\"@type\":\"ImageObject\",\"inLanguage\":\"en-GB\",\"@id\":\"https:\/\/ckkmip.pl\/#\/schema\/logo\/image\/\",\"url\":\"https:\/\/ckkmip.pl\/wp-content\/uploads\/2024\/01\/296100640_579807133669653_3195914079451505221_n.jpg\",\"contentUrl\":\"https:\/\/ckkmip.pl\/wp-content\/uploads\/2024\/01\/296100640_579807133669653_3195914079451505221_n.jpg\",\"width\":1300,\"height\":1560,\"caption\":\"CKKMIP\"},\"image\":{\"@id\":\"https:\/\/ckkmip.pl\/#\/schema\/logo\/image\/\"}}]}<\/script>\n<!-- \/ Yoast SEO plugin. -->","yoast_head_json":{"title":"In what situations should you use the principles of TSR therapy?","robots":{"index":"index","follow":"follow","max-snippet":"max-snippet:-1","max-image-preview":"max-image-preview:large","max-video-preview":"max-video-preview:-1"},"canonical":"https:\/\/ckkmip.pl\/en\/polityka-prywatnosci\/","og_locale":"en_GB","og_type":"article","og_title":"In what situations should you use the principles of TSR therapy?","og_description":"Kim jeste\u015bmy Adres naszej strony internetowej to: http:\/\/ckkmip.pl. Komentarze Kiedy odwiedzaj\u0105cy witryn\u0119 zostawia komentarz, zbieramy dane widoczne w formularzu komentowania, jak i adres IP odwiedzaj\u0105cego oraz podpis jego przegl\u0105darki jako pomoc przy wykrywaniu spamu. Anonimizowany ci\u0105g znak\u00f3w utworzony z twojego adresu e-mail (zwany te\u017c hashem) mo\u017ce zosta\u0107 przes\u0142any do us\u0142ugi Gravatar w celu sprawdzenia czy [&hellip;]","og_url":"https:\/\/ckkmip.pl\/en\/polityka-prywatnosci\/","og_site_name":"CKKMIP","article_modified_time":"2025-01-27T08:27:52+00:00","twitter_card":"summary_large_image","twitter_misc":{"Estimated reading time":"4 minutes"},"schema":{"@context":"https:\/\/schema.org","@graph":[{"@type":"WebPage","@id":"https:\/\/ckkmip.pl\/en\/polityka-prywatnosci\/","url":"https:\/\/ckkmip.pl\/en\/polityka-prywatnosci\/","name":"In what situations should you use the principles of TSR therapy?","isPartOf":{"@id":"https:\/\/ckkmip.pl\/#website"},"datePublished":"2024-01-22T14:19:33+00:00","dateModified":"2025-01-27T08:27:52+00:00","breadcrumb":{"@id":"https:\/\/ckkmip.pl\/en\/polityka-prywatnosci\/#breadcrumb"},"inLanguage":"en-GB","potentialAction":[{"@type":"ReadAction","target":["https:\/\/ckkmip.pl\/en\/polityka-prywatnosci\/"]}]},{"@type":"BreadcrumbList","@id":"https:\/\/ckkmip.pl\/en\/polityka-prywatnosci\/#breadcrumb","itemListElement":[{"@type":"ListItem","position":1,"name":"Strona g\u0142\u00f3wna","item":"https:\/\/ckkmip.pl\/"},{"@type":"ListItem","position":2,"name":"Polityka prywatno\u015bci"}]},{"@type":"WebSite","@id":"https:\/\/ckkmip.pl\/#website","url":"https:\/\/ckkmip.pl\/","name":"CKKMIP","description":"TSR trainings","publisher":{"@id":"https:\/\/ckkmip.pl\/#organization"},"potentialAction":[{"@type":"SearchAction","target":{"@type":"EntryPoint","urlTemplate":"https:\/\/ckkmip.pl\/?s={search_term_string}"},"query-input":{"@type":"PropertyValueSpecification","valueRequired":true,"valueName":"search_term_string"}}],"inLanguage":"en-GB"},{"@type":"Organization","@id":"https:\/\/ckkmip.pl\/#organization","name":"CKKMIP","url":"https:\/\/ckkmip.pl\/","logo":{"@type":"ImageObject","inLanguage":"en-GB","@id":"https:\/\/ckkmip.pl\/#\/schema\/logo\/image\/","url":"https:\/\/ckkmip.pl\/wp-content\/uploads\/2024\/01\/296100640_579807133669653_3195914079451505221_n.jpg","contentUrl":"https:\/\/ckkmip.pl\/wp-content\/uploads\/2024\/01\/296100640_579807133669653_3195914079451505221_n.jpg","width":1300,"height":1560,"caption":"CKKMIP"},"image":{"@id":"https:\/\/ckkmip.pl\/#\/schema\/logo\/image\/"}}]}},"_links":{"self":[{"href":"https:\/\/ckkmip.pl\/en\/wp-json\/wp\/v2\/pages\/3","targetHints":{"allow":["GET"]}}],"collection":[{"href":"https:\/\/ckkmip.pl\/en\/wp-json\/wp\/v2\/pages"}],"about":[{"href":"https:\/\/ckkmip.pl\/en\/wp-json\/wp\/v2\/types\/page"}],"author":[{"embeddable":true,"href":"https:\/\/ckkmip.pl\/en\/wp-json\/wp\/v2\/users\/1"}],"replies":[{"embeddable":true,"href":"https:\/\/ckkmip.pl\/en\/wp-json\/wp\/v2\/comments?post=3"}],"version-history":[{"count":3,"href":"https:\/\/ckkmip.pl\/en\/wp-json\/wp\/v2\/pages\/3\/revisions"}],"predecessor-version":[{"id":337,"href":"https:\/\/ckkmip.pl\/en\/wp-json\/wp\/v2\/pages\/3\/revisions\/337"}],"wp:attachment":[{"href":"https:\/\/ckkmip.pl\/en\/wp-json\/wp\/v2\/media?parent=3"}],"curies":[{"name":"wp","href":"https:\/\/api.w.org\/{rel}","templated":true}]}}