{"id":589,"date":"2025-07-11T14:33:44","date_gmt":"2025-07-11T12:33:44","guid":{"rendered":"https:\/\/ckkmip.pl\/?page_id=589"},"modified":"2025-07-11T15:05:22","modified_gmt":"2025-07-11T13:05:22","slug":"nasi-wykladowcy","status":"publish","type":"page","link":"https:\/\/ckkmip.pl\/en\/nasi-wykladowcy\/","title":{"rendered":"Our lecturers"},"content":{"rendered":"<!DOCTYPE html>\n<html lang=\"pl\">\n<head>\n    <meta charset=\"UTF-8\">\n    <meta name=\"viewport\" content=\"width=device-width, initial-scale=1.0\">\n    <title>Wyk\u0142adowcy CKKMIP<\/title>\n    <style>\n        * {\n            margin: 0;\n            padding: 0;\n            box-sizing: border-box;\n        }\n\n        body {\n            font-family: 'Arial', sans-serif;\n            line-height: 1.6;\n            color: #333;\n        }\n\n        .instructors-section {\n            padding: 80px 0;\n        }\n\n        .container {\n            max-width: 1200px;\n            margin: 0 auto;\n            padding: 0 20px;\n        }\n\n        .section-header {\n            text-align: center;\n            margin-bottom: 60px;\n        }\n\n        .section-title {\n            font-size: 2.5rem;\n            font-weight: bold;\n            color: #333;\n            margin-bottom: 20px;\n        }\n\n        .section-subtitle {\n            font-size: 1.2rem;\n            color: #666;\n            max-width: 600px;\n            margin: 0 auto;\n            line-height: 1.6;\n        }\n\n        .instructors-grid {\n            display: grid;\n            grid-template-columns: repeat(auto-fit, minmax(350px, 1fr));\n            gap: 30px;\n            margin-top: 50px;\n        }\n\n        .instructor-card {\n            background: white;\n            border-radius: 15px;\n            padding: 30px;\n            text-align: center;\n            box-shadow: 0 10px 30px rgba(0,0,0,0.1);\n            transition: all 0.3s ease;\n            border-top: 4px solid #39a8d3;\n        }\n\n        .instructor-card:nth-child(even) {\n            border-top-color: #37a591;\n        }\n\n        .instructor-card:hover {\n            transform: translateY(-10px);\n            box-shadow: 0 20px 40px rgba(0,0,0,0.15);\n        }\n\n        .instructor-avatar {\n            width: 120px;\n            height: 120px;\n            border-radius: 50%;\n            margin: 0 auto 20px;\n            background: linear-gradient(135deg, #39a8d3, #37a591);\n            display: flex;\n            align-items: center;\n            justify-content: center;\n            font-size: 2.5rem;\n            color: white;\n            font-weight: bold;\n            position: relative;\n            overflow: hidden;\n        }\n\n        .instructor-avatar img {\n            width: 100%;\n            height: 100%;\n            object-fit: cover;\n            border-radius: 50%;\n        }\n\n        .instructor-name {\n            font-size: 1.5rem;\n            font-weight: bold;\n            color: #333;\n            margin-bottom: 8px;\n        }\n\n        .instructor-title {\n            font-size: 1rem;\n            color: #39a8d3;\n            font-weight: 600;\n            margin-bottom: 15px;\n            text-transform: uppercase;\n            letter-spacing: 0.5px;\n        }\n\n        .instructor-bio {\n            font-size: 0.95rem;\n            color: #666;\n            line-height: 1.6;\n            margin-bottom: 20px;\n            min-height: 60px;\n        }\n\n\n\n        @media (max-width: 768px) {\n            .instructors-grid {\n                grid-template-columns: 1fr;\n                gap: 20px;\n            }\n            \n            .section-title {\n                font-size: 2rem;\n            }\n            \n            .instructor-card {\n                padding: 25px;\n            }\n        }\n\n\n    <\/style>\n<\/head>\n<body>\n    <section class=\"instructors-section\">\n        <div class=\"container\">\n            <div class=\"section-header\">\n                <h2 class=\"section-title\">Our Lecturers<\/h2>\n                <p class=\"section-subtitle\">\n                    Meet experienced specialists who conduct training at CKKMIP. These are highly qualified practitioners with many years of experience in the field of psychotherapy and mental health care.\n                <\/p>\n            <\/div>\n\n            <div class=\"instructors-grid\">\n                <!-- Wyk\u0142adowca 1 -->\n                <div class=\"instructor-card\">\n                    <div class=\"instructor-avatar\">\n                        <!-- Dodaj tutaj zdj\u0119cie: <img decoding=\"async\" src=\"path\/to\/jadwiga-mazur.jpg\" alt=\"prof. dr hab. Jadwiga Mazur\"> -->\n                        JM\n                    <\/div>\n                    <h3 class=\"instructor-name\">prof. dr hab. Jadwiga Mazur<\/h3>\n                    <p class=\"instructor-title\">Lecturer at CKKMIP<\/p>\n                    <p class=\"instructor-bio\">\n                        <!-- Dodaj tutaj biografi\u0119 prof. Jadwigi Mazur -->\n                        WSB professor based in Pozna\u0144, academic lecturer, long-term practitioner, qualified TSR therapist.\n                    <\/p>\n                <\/div>\n\n                <!-- Wyk\u0142adowca 2 -->\n                <div class=\"instructor-card\">\n                    <div class=\"instructor-avatar\">\n                        <!-- Dodaj tutaj zdj\u0119cie: <img decoding=\"async\" src=\"path\/to\/irena-jaczewska.jpg\" alt=\"Irena Jaczewska\"> -->\n                        IJ\n                    <\/div>\n                    <h3 class=\"instructor-name\">Irena Jaczewska<\/h3>\n                    <p class=\"instructor-title\">CKKMIP trainer<\/p>\n                    <p class=\"instructor-bio\">\n                        <!-- Dodaj tutaj biografi\u0119 Ireny Jaczewskiej -->\n                        Practicing psychotherapist and psychologist, PTPTSR supervisor, experienced lecturer and TSR trainer.\n                    <\/p>\n                <\/div>\n\n                <!-- Wyk\u0142adowca 4 -->\n                <div class=\"instructor-card\">\n                    <div class=\"instructor-avatar\">\n                        <!-- Dodaj tutaj zdj\u0119cie: <img decoding=\"async\" src=\"path\/to\/rafal-tarkowski.jpg\" alt=\"Rafa\u0142 Tarkowski\"> -->\n                        RT\n                    <\/div>\n                    <h3 class=\"instructor-name\">Rafa\u0142 Tarkowski<\/h3>\n                    <p class=\"instructor-title\">CKKMIP trainer<\/p>\n                    <p class=\"instructor-bio\">\n                        <!-- Dodaj tutaj biografi\u0119 Rafa\u0142a Tarkowskiego -->\n                        Experienced therapist and trainer in the field of psychotherapy and therapeutic techniques.\n                    <\/p>\n                <\/div>\n\n                <!-- Wyk\u0142adowca 5 -->\n                <div class=\"instructor-card\">\n                    <div class=\"instructor-avatar\">\n                        <!-- Dodaj tutaj zdj\u0119cie: <img decoding=\"async\" src=\"path\/to\/katarzyna-iwicka.jpg\" alt=\"Katarzyna Iwicka\"> -->\n                        KI\n                    <\/div>\n                    <h3 class=\"instructor-name\">Katarzyna Iwicka<\/h3>\n                    <p class=\"instructor-title\">CKKMIP trainer<\/p>\n                    <p class=\"instructor-bio\">\n                        <!-- Dodaj tutaj biografi\u0119 Katarzyny Iwickiej -->\n                        Practitioner with extensive experience in conducting training and group supervision.\n                    <\/p>\n                <\/div>\n\n                <!-- Nowy Wyk\u0142adowca: Miko\u0142aj Nowicki-Pilecki -->\n                <div class=\"instructor-card\">\n                    <div class=\"instructor-avatar\">\n                        <!-- Dodaj tutaj zdj\u0119cie: <img decoding=\"async\" src=\"path\/to\/mikolaj-nowicki.jpg\" alt=\"Miko\u0142aj Nowicki-Pilecki\"> -->\n                        MN\n                    <\/div>\n                    <h3 class=\"instructor-name\">Miko\u0142aj Nowicki-Pilecki<\/h3>\n                    <p class=\"instructor-title\">CKKMIP trainer<\/p>\n                    <p class=\"instructor-bio\">\n                        Psychologist, certified psychotherapist, certified PTPTSR therapist, CKKMIP lecturer, experienced TSR trainer and practitioner.\n                    <\/p>\n                <\/div>\n\n                <!-- Nowy Wyk\u0142adowca: Hanna Szyma\u0144ska -->\n                <div class=\"instructor-card\">\n                    <div class=\"instructor-avatar\">\n                        <!-- Dodaj tutaj zdj\u0119cie: <img decoding=\"async\" src=\"path\/to\/hanna-szymanska.jpg\" alt=\"Hanna Szyma\u0144ska\"> -->\n                        HS\n                    <\/div>\n                    <h3 class=\"instructor-name\">Hanna Szyma\u0144ska<\/h3>\n                    <p class=\"instructor-title\">CKKMIP trainer<\/p>\n                    <p class=\"instructor-bio\">\n                        Certified environmental therapist for children and adolescents, certified PTPTSR therapist, experienced trainer and lecturer at CKKMIP.\n                    <\/p>\n                <\/div>\n\n                <!-- Nowy Wyk\u0142adowca: Beata Gazda -->\n                <div class=\"instructor-card\">\n                    <div class=\"instructor-avatar\">\n                        <!-- Dodaj tutaj zdj\u0119cie: <img decoding=\"async\" src=\"path\/to\/beata-gazda.jpg\" alt=\"Beata Gazda\"> -->\n                        BG\n                    <\/div>\n                    <h3 class=\"instructor-name\">Beata Gazda<\/h3>\n                    <p class=\"instructor-title\">CKKMIP trainer<\/p>\n                    <p class=\"instructor-bio\">\n                        Certified TSR therapist, certified psychotherapist, experienced PTPTSR trainer and lecturer.\n                    <\/p>\n                <\/div>\n\n            <\/div>\n        <\/div>\n    <\/section>\n<\/body>\n<\/html>","protected":false},"excerpt":{"rendered":"<p>Wyk\u0142adowcy CKKMIP Nasi Wyk\u0142adowcy Poznaj do\u015bwiadczonych specjalist\u00f3w, kt\u00f3rzy prowadz\u0105 szkolenia w CKKMIP. To praktycy z wysokimi kwalifikacjami i wieloletnim do\u015bwiadczeniem w dziedzinie psychoterapii i ochrony zdrowia psychicznego. JM prof. dr hab. Jadwiga Mazur Wyk\u0142adowca CKKMIP Profesor WSB z siedzib\u0105 w Poznaniu, wyk\u0142adowca akademicki, wieloletni praktyk, wykwalifikowany terapeuta TSR. IJ Irena Jaczewska Trener CKKMIP Praktykuj\u0105cy psychoterapeuta [&hellip;]<\/p>\n","protected":false},"author":1,"featured_media":0,"parent":0,"menu_order":0,"comment_status":"closed","ping_status":"closed","template":"","meta":{"_kadence_starter_templates_imported_post":false,"footnotes":""},"class_list":["post-589","page","type-page","status-publish","hentry"],"yoast_head":"<!-- This site is optimized with the Yoast SEO plugin v27.2 - https:\/\/yoast.com\/product\/yoast-seo-wordpress\/ -->\n<title>Our TSR lecturers \u2013 experienced therapists | CKKMIP<\/title>\n<meta name=\"description\" content=\"Szkolenia TSR w CKKMIP prowadz\u0105 certyfikowani terapeuci i superwizorzy TSR. Poznaj naszych wyk\u0142adowc\u00f3w i ich do\u015bwiadczenie kliniczne i dydaktyczne.\" \/>\n<meta name=\"robots\" content=\"index, follow, max-snippet:-1, max-image-preview:large, max-video-preview:-1\" \/>\n<link rel=\"canonical\" href=\"https:\/\/ckkmip.pl\/en\/nasi-wykladowcy\/\" \/>\n<meta property=\"og:locale\" content=\"en_GB\" \/>\n<meta property=\"og:type\" content=\"article\" \/>\n<meta property=\"og:title\" content=\"Our TSR lecturers \u2013 experienced therapists | CKKMIP\" \/>\n<meta property=\"og:description\" content=\"Szkolenia TSR w CKKMIP prowadz\u0105 certyfikowani terapeuci i superwizorzy TSR. Poznaj naszych wyk\u0142adowc\u00f3w i ich do\u015bwiadczenie kliniczne i dydaktyczne.\" \/>\n<meta property=\"og:url\" content=\"https:\/\/ckkmip.pl\/en\/nasi-wykladowcy\/\" \/>\n<meta property=\"og:site_name\" content=\"CKKMIP\" \/>\n<meta property=\"article:modified_time\" content=\"2025-07-11T13:05:22+00:00\" \/>\n<meta name=\"twitter:card\" content=\"summary_large_image\" \/>\n<meta name=\"twitter:label1\" content=\"Estimated reading time\" \/>\n\t<meta name=\"twitter:data1\" content=\"1 minute\" \/>\n<script type=\"application\/ld+json\" class=\"yoast-schema-graph\">{\"@context\":\"https:\/\/schema.org\",\"@graph\":[{\"@type\":\"WebPage\",\"@id\":\"https:\/\/ckkmip.pl\/en\/nasi-wykladowcy\/\",\"url\":\"https:\/\/ckkmip.pl\/en\/nasi-wykladowcy\/\",\"name\":\"Nasi wyk\u0142adowcy TSR \u2013 do\u015bwiadczeni terapeuci | CKKMIP\",\"isPartOf\":{\"@id\":\"https:\/\/ckkmip.pl\/#website\"},\"datePublished\":\"2025-07-11T12:33:44+00:00\",\"dateModified\":\"2025-07-11T13:05:22+00:00\",\"description\":\"Szkolenia TSR w CKKMIP prowadz\u0105 certyfikowani terapeuci i superwizorzy TSR. Poznaj naszych wyk\u0142adowc\u00f3w i ich do\u015bwiadczenie kliniczne i dydaktyczne.\",\"breadcrumb\":{\"@id\":\"https:\/\/ckkmip.pl\/en\/nasi-wykladowcy\/#breadcrumb\"},\"inLanguage\":\"en-GB\",\"potentialAction\":[{\"@type\":\"ReadAction\",\"target\":[\"https:\/\/ckkmip.pl\/en\/nasi-wykladowcy\/\"]}]},{\"@type\":\"BreadcrumbList\",\"@id\":\"https:\/\/ckkmip.pl\/en\/nasi-wykladowcy\/#breadcrumb\",\"itemListElement\":[{\"@type\":\"ListItem\",\"position\":1,\"name\":\"Strona g\u0142\u00f3wna\",\"item\":\"https:\/\/ckkmip.pl\/\"},{\"@type\":\"ListItem\",\"position\":2,\"name\":\"Nasi wyk\u0142adowcy\"}]},{\"@type\":\"WebSite\",\"@id\":\"https:\/\/ckkmip.pl\/#website\",\"url\":\"https:\/\/ckkmip.pl\/\",\"name\":\"CKKMIP\",\"description\":\"Szkolenia TSR\",\"publisher\":{\"@id\":\"https:\/\/ckkmip.pl\/#organization\"},\"potentialAction\":[{\"@type\":\"SearchAction\",\"target\":{\"@type\":\"EntryPoint\",\"urlTemplate\":\"https:\/\/ckkmip.pl\/?s={search_term_string}\"},\"query-input\":{\"@type\":\"PropertyValueSpecification\",\"valueRequired\":true,\"valueName\":\"search_term_string\"}}],\"inLanguage\":\"en-GB\"},{\"@type\":\"Organization\",\"@id\":\"https:\/\/ckkmip.pl\/#organization\",\"name\":\"CKKMIP\",\"url\":\"https:\/\/ckkmip.pl\/\",\"logo\":{\"@type\":\"ImageObject\",\"inLanguage\":\"en-GB\",\"@id\":\"https:\/\/ckkmip.pl\/#\/schema\/logo\/image\/\",\"url\":\"https:\/\/ckkmip.pl\/wp-content\/uploads\/2024\/01\/296100640_579807133669653_3195914079451505221_n.jpg\",\"contentUrl\":\"https:\/\/ckkmip.pl\/wp-content\/uploads\/2024\/01\/296100640_579807133669653_3195914079451505221_n.jpg\",\"width\":1300,\"height\":1560,\"caption\":\"CKKMIP\"},\"image\":{\"@id\":\"https:\/\/ckkmip.pl\/#\/schema\/logo\/image\/\"}}]}<\/script>\n<!-- \/ Yoast SEO plugin. -->","yoast_head_json":{"title":"Our TSR lecturers \u2013 experienced therapists | CKKMIP","description":"TSR training at CKKMIP is conducted by certified TSR therapists and supervisors. Get to know our lecturers and their clinical and teaching experience.","robots":{"index":"index","follow":"follow","max-snippet":"max-snippet:-1","max-image-preview":"max-image-preview:large","max-video-preview":"max-video-preview:-1"},"canonical":"https:\/\/ckkmip.pl\/en\/nasi-wykladowcy\/","og_locale":"en_GB","og_type":"article","og_title":"Our TSR lecturers \u2013 experienced therapists | CKKMIP","og_description":"Szkolenia TSR w CKKMIP prowadz\u0105 certyfikowani terapeuci i superwizorzy TSR. Poznaj naszych wyk\u0142adowc\u00f3w i ich do\u015bwiadczenie kliniczne i dydaktyczne.","og_url":"https:\/\/ckkmip.pl\/en\/nasi-wykladowcy\/","og_site_name":"CKKMIP","article_modified_time":"2025-07-11T13:05:22+00:00","twitter_card":"summary_large_image","twitter_misc":{"Estimated reading time":"1 minute"},"schema":{"@context":"https:\/\/schema.org","@graph":[{"@type":"WebPage","@id":"https:\/\/ckkmip.pl\/en\/nasi-wykladowcy\/","url":"https:\/\/ckkmip.pl\/en\/nasi-wykladowcy\/","name":"Our TSR lecturers \u2013 experienced therapists | CKKMIP","isPartOf":{"@id":"https:\/\/ckkmip.pl\/#website"},"datePublished":"2025-07-11T12:33:44+00:00","dateModified":"2025-07-11T13:05:22+00:00","description":"TSR training at CKKMIP is conducted by certified TSR therapists and supervisors. Get to know our lecturers and their clinical and teaching experience.","breadcrumb":{"@id":"https:\/\/ckkmip.pl\/en\/nasi-wykladowcy\/#breadcrumb"},"inLanguage":"en-GB","potentialAction":[{"@type":"ReadAction","target":["https:\/\/ckkmip.pl\/en\/nasi-wykladowcy\/"]}]},{"@type":"BreadcrumbList","@id":"https:\/\/ckkmip.pl\/en\/nasi-wykladowcy\/#breadcrumb","itemListElement":[{"@type":"ListItem","position":1,"name":"Strona g\u0142\u00f3wna","item":"https:\/\/ckkmip.pl\/"},{"@type":"ListItem","position":2,"name":"Nasi wyk\u0142adowcy"}]},{"@type":"WebSite","@id":"https:\/\/ckkmip.pl\/#website","url":"https:\/\/ckkmip.pl\/","name":"CKKMIP","description":"TSR trainings","publisher":{"@id":"https:\/\/ckkmip.pl\/#organization"},"potentialAction":[{"@type":"SearchAction","target":{"@type":"EntryPoint","urlTemplate":"https:\/\/ckkmip.pl\/?s={search_term_string}"},"query-input":{"@type":"PropertyValueSpecification","valueRequired":true,"valueName":"search_term_string"}}],"inLanguage":"en-GB"},{"@type":"Organization","@id":"https:\/\/ckkmip.pl\/#organization","name":"CKKMIP","url":"https:\/\/ckkmip.pl\/","logo":{"@type":"ImageObject","inLanguage":"en-GB","@id":"https:\/\/ckkmip.pl\/#\/schema\/logo\/image\/","url":"https:\/\/ckkmip.pl\/wp-content\/uploads\/2024\/01\/296100640_579807133669653_3195914079451505221_n.jpg","contentUrl":"https:\/\/ckkmip.pl\/wp-content\/uploads\/2024\/01\/296100640_579807133669653_3195914079451505221_n.jpg","width":1300,"height":1560,"caption":"CKKMIP"},"image":{"@id":"https:\/\/ckkmip.pl\/#\/schema\/logo\/image\/"}}]}},"_links":{"self":[{"href":"https:\/\/ckkmip.pl\/en\/wp-json\/wp\/v2\/pages\/589","targetHints":{"allow":["GET"]}}],"collection":[{"href":"https:\/\/ckkmip.pl\/en\/wp-json\/wp\/v2\/pages"}],"about":[{"href":"https:\/\/ckkmip.pl\/en\/wp-json\/wp\/v2\/types\/page"}],"author":[{"embeddable":true,"href":"https:\/\/ckkmip.pl\/en\/wp-json\/wp\/v2\/users\/1"}],"replies":[{"embeddable":true,"href":"https:\/\/ckkmip.pl\/en\/wp-json\/wp\/v2\/comments?post=589"}],"version-history":[{"count":2,"href":"https:\/\/ckkmip.pl\/en\/wp-json\/wp\/v2\/pages\/589\/revisions"}],"predecessor-version":[{"id":592,"href":"https:\/\/ckkmip.pl\/en\/wp-json\/wp\/v2\/pages\/589\/revisions\/592"}],"wp:attachment":[{"href":"https:\/\/ckkmip.pl\/en\/wp-json\/wp\/v2\/media?parent=589"}],"curies":[{"name":"wp","href":"https:\/\/api.w.org\/{rel}","templated":true}]}}