{"id":72,"date":"2024-05-13T09:08:09","date_gmt":"2024-05-13T07:08:09","guid":{"rendered":"https:\/\/nowa.ckkmip.pl\/?page_id=72"},"modified":"2024-05-13T09:08:09","modified_gmt":"2024-05-13T07:08:09","slug":"o-nas","status":"publish","type":"page","link":"https:\/\/ckkmip.pl\/en\/o-nas\/","title":{"rendered":"About us"},"content":{"rendered":"<p class=\"has-outline-color has-text-color has-link-color wp-elements-203f51fd2c1b1ea16caeb76e0af23614\"><strong>We provide workshops and training primarily for healthcare professionals on the psychological aspects of working with patients, including those reporting somatic symptoms. We also organize schools<\/strong><\/p>\n\n\n\n<p class=\"has-outline-color has-text-color has-link-color wp-elements-6100cd5e02c5653f14da1e331e1257a1\">In the context of low-quality psychological care in the public health service, especially in hospital wards, resulting only from low availability, we consider it necessary to develop knowledge<\/p>\n\n\n\n<h3 class=\"wp-block-heading has-outline-color has-text-color has-link-color wp-elements-68da461b2eeba036a0b71b1d5520b74e\">TSR trainings<\/h3>\n\n\n\n<p class=\"has-outline-color has-text-color has-link-color wp-elements-9a3d09b981bd9b882de9bbfe85ffbd1b\">A solution-focused approach is not only a set of transparent tools or therapeutic techniques. Above all, it is an extremely effective and positive philosophy of working with the second member<\/p>\n\n\n\n<p class=\"has-outline-color has-text-color has-link-color wp-elements-4c42f94dd7725bb9faa2a9255ea02a7d\"><strong>In OUR OFFER:<\/strong><\/p>\n\n\n\n<ul class=\"has-outline-color has-text-color has-link-color wp-block-list wp-elements-071b567a3fd2716fa36e0ead4c68ac13\">\n<li><strong>Basic first-degree TSR training<\/strong><\/li>\n\n\n\n<li><strong>Advanced second-degree TSR training<\/strong><\/li>\n\n\n\n<li><strong>Group supervision for TSR therapists<\/strong><\/li>\n\n\n\n<li><strong>Individual supervision for TSR therapists<\/strong><\/li>\n\n\n\n<li><strong>TSR training for psychiatrists (holistic)<\/strong><\/li>\n<\/ul>\n\n\n\n<p><\/p>\n\n\n\n<div class=\"wp-block-buttons is-layout-flex wp-block-buttons-is-layout-flex\">\n<div class=\"wp-block-button has-custom-width wp-block-button__width-50 has-custom-font-size has-x-large-font-size\"><a class=\"wp-block-button__link wp-element-button\" href=\"https:\/\/nowa.ckkmip.pl\/szkolenie-tsr\/\">Sign up now<\/a><\/div>\n<\/div>","protected":false},"excerpt":{"rendered":"<p>Prowadzimy warsztaty i szkolenia przede wszystkim dla pracownik\u00f3w s\u0142u\u017cby zdrowia dotycz\u0105ce psychologicznych aspekt\u00f3w pracy z pacjentami, w tym zg\u0142aszaj\u0105cymi objawy somatyczne. Organizujemy tak\u017ce szkolenia dla pracownik\u00f3w innych bran\u017c, a tak\u017ce szkolenia og\u00f3lnodost\u0119pne dla pracownik\u00f3w r\u00f3\u017cnych bran\u017c. W kontek\u015bcie niskiej jako\u015bci opieki psychologicznej w publicznej s\u0142u\u017cbie zdrowia, zw\u0142aszcza na oddzia\u0142ach szpitalnych, wynikaj\u0105cej wy\u0142\u0105cznie z ma\u0142ej dost\u0119pno\u015bci, [&hellip;]<\/p>\n","protected":false},"author":1,"featured_media":0,"parent":0,"menu_order":0,"comment_status":"closed","ping_status":"closed","template":"","meta":{"_kadence_starter_templates_imported_post":false,"footnotes":""},"class_list":["post-72","page","type-page","status-publish","hentry"],"yoast_head":"<!-- This site is optimized with the Yoast SEO plugin v27.2 - https:\/\/yoast.com\/product\/yoast-seo-wordpress\/ -->\n<title>About Us \u2013 CKKMIP Centre for Medical Staff and Psychotherapy Education<\/title>\n<meta name=\"description\" content=\"CKKMIP to centrum szkole\u0144 TSR dla pracownik\u00f3w s\u0142u\u017cby zdrowia, pedagog\u00f3w i psycholog\u00f3w. Akredytowane kursy, do\u015bwiadczeni wyk\u0142adowcy i superwizja na ka\u017cdym poziomie.\" \/>\n<meta name=\"robots\" content=\"index, follow, max-snippet:-1, max-image-preview:large, max-video-preview:-1\" \/>\n<link rel=\"canonical\" href=\"https:\/\/ckkmip.pl\/en\/o-nas\/\" \/>\n<meta property=\"og:locale\" content=\"en_GB\" \/>\n<meta property=\"og:type\" content=\"article\" \/>\n<meta property=\"og:title\" content=\"About Us \u2013 CKKMIP Centre for Medical Staff and Psychotherapy Education\" \/>\n<meta property=\"og:description\" content=\"CKKMIP to centrum szkole\u0144 TSR dla pracownik\u00f3w s\u0142u\u017cby zdrowia, pedagog\u00f3w i psycholog\u00f3w. Akredytowane kursy, do\u015bwiadczeni wyk\u0142adowcy i superwizja na ka\u017cdym poziomie.\" \/>\n<meta property=\"og:url\" content=\"https:\/\/ckkmip.pl\/en\/o-nas\/\" \/>\n<meta property=\"og:site_name\" content=\"CKKMIP\" \/>\n<meta name=\"twitter:card\" content=\"summary_large_image\" \/>\n<meta name=\"twitter:label1\" content=\"Estimated reading time\" \/>\n\t<meta name=\"twitter:data1\" content=\"2 minutes\" \/>\n<script type=\"application\/ld+json\" class=\"yoast-schema-graph\">{\"@context\":\"https:\/\/schema.org\",\"@graph\":[{\"@type\":\"WebPage\",\"@id\":\"https:\/\/ckkmip.pl\/o-nas\/\",\"url\":\"https:\/\/ckkmip.pl\/o-nas\/\",\"name\":\"O nas \u2013 CKKMIP Centrum Kszta\u0142cenia Kadr Medycznych i Psychoterapii\",\"isPartOf\":{\"@id\":\"https:\/\/ckkmip.pl\/#website\"},\"datePublished\":\"2024-05-13T07:08:09+00:00\",\"description\":\"CKKMIP to centrum szkole\u0144 TSR dla pracownik\u00f3w s\u0142u\u017cby zdrowia, pedagog\u00f3w i psycholog\u00f3w. Akredytowane kursy, do\u015bwiadczeni wyk\u0142adowcy i superwizja na ka\u017cdym poziomie.\",\"breadcrumb\":{\"@id\":\"https:\/\/ckkmip.pl\/o-nas\/#breadcrumb\"},\"inLanguage\":\"en-GB\",\"potentialAction\":[{\"@type\":\"ReadAction\",\"target\":[\"https:\/\/ckkmip.pl\/o-nas\/\"]}]},{\"@type\":\"BreadcrumbList\",\"@id\":\"https:\/\/ckkmip.pl\/o-nas\/#breadcrumb\",\"itemListElement\":[{\"@type\":\"ListItem\",\"position\":1,\"name\":\"Strona g\u0142\u00f3wna\",\"item\":\"https:\/\/ckkmip.pl\/\"},{\"@type\":\"ListItem\",\"position\":2,\"name\":\"O nas\"}]},{\"@type\":\"WebSite\",\"@id\":\"https:\/\/ckkmip.pl\/#website\",\"url\":\"https:\/\/ckkmip.pl\/\",\"name\":\"CKKMIP\",\"description\":\"Szkolenia TSR\",\"publisher\":{\"@id\":\"https:\/\/ckkmip.pl\/#organization\"},\"potentialAction\":[{\"@type\":\"SearchAction\",\"target\":{\"@type\":\"EntryPoint\",\"urlTemplate\":\"https:\/\/ckkmip.pl\/?s={search_term_string}\"},\"query-input\":{\"@type\":\"PropertyValueSpecification\",\"valueRequired\":true,\"valueName\":\"search_term_string\"}}],\"inLanguage\":\"en-GB\"},{\"@type\":\"Organization\",\"@id\":\"https:\/\/ckkmip.pl\/#organization\",\"name\":\"CKKMIP\",\"url\":\"https:\/\/ckkmip.pl\/\",\"logo\":{\"@type\":\"ImageObject\",\"inLanguage\":\"en-GB\",\"@id\":\"https:\/\/ckkmip.pl\/#\/schema\/logo\/image\/\",\"url\":\"https:\/\/ckkmip.pl\/wp-content\/uploads\/2024\/01\/296100640_579807133669653_3195914079451505221_n.jpg\",\"contentUrl\":\"https:\/\/ckkmip.pl\/wp-content\/uploads\/2024\/01\/296100640_579807133669653_3195914079451505221_n.jpg\",\"width\":1300,\"height\":1560,\"caption\":\"CKKMIP\"},\"image\":{\"@id\":\"https:\/\/ckkmip.pl\/#\/schema\/logo\/image\/\"}}]}<\/script>\n<!-- \/ Yoast SEO plugin. -->","yoast_head_json":{"title":"About Us \u2013 CKKMIP Centre for Medical Staff and Psychotherapy Education","description":"CKKMIP is a TSR training center for healthcare professionals, educators and psychologists. Accredited courses, experienced faculty and supervision at every level.","robots":{"index":"index","follow":"follow","max-snippet":"max-snippet:-1","max-image-preview":"max-image-preview:large","max-video-preview":"max-video-preview:-1"},"canonical":"https:\/\/ckkmip.pl\/en\/o-nas\/","og_locale":"en_GB","og_type":"article","og_title":"About Us \u2013 CKKMIP Centre for Medical Staff and Psychotherapy Education","og_description":"CKKMIP to centrum szkole\u0144 TSR dla pracownik\u00f3w s\u0142u\u017cby zdrowia, pedagog\u00f3w i psycholog\u00f3w. Akredytowane kursy, do\u015bwiadczeni wyk\u0142adowcy i superwizja na ka\u017cdym poziomie.","og_url":"https:\/\/ckkmip.pl\/en\/o-nas\/","og_site_name":"CKKMIP","twitter_card":"summary_large_image","twitter_misc":{"Estimated reading time":"2 minutes"},"schema":{"@context":"https:\/\/schema.org","@graph":[{"@type":"WebPage","@id":"https:\/\/ckkmip.pl\/o-nas\/","url":"https:\/\/ckkmip.pl\/o-nas\/","name":"About Us \u2013 CKKMIP Centre for Medical Staff and Psychotherapy Education","isPartOf":{"@id":"https:\/\/ckkmip.pl\/#website"},"datePublished":"2024-05-13T07:08:09+00:00","description":"CKKMIP is a TSR training center for healthcare professionals, educators and psychologists. Accredited courses, experienced faculty and supervision at every level.","breadcrumb":{"@id":"https:\/\/ckkmip.pl\/o-nas\/#breadcrumb"},"inLanguage":"en-GB","potentialAction":[{"@type":"ReadAction","target":["https:\/\/ckkmip.pl\/o-nas\/"]}]},{"@type":"BreadcrumbList","@id":"https:\/\/ckkmip.pl\/o-nas\/#breadcrumb","itemListElement":[{"@type":"ListItem","position":1,"name":"Strona g\u0142\u00f3wna","item":"https:\/\/ckkmip.pl\/"},{"@type":"ListItem","position":2,"name":"O nas"}]},{"@type":"WebSite","@id":"https:\/\/ckkmip.pl\/#website","url":"https:\/\/ckkmip.pl\/","name":"CKKMIP","description":"TSR trainings","publisher":{"@id":"https:\/\/ckkmip.pl\/#organization"},"potentialAction":[{"@type":"SearchAction","target":{"@type":"EntryPoint","urlTemplate":"https:\/\/ckkmip.pl\/?s={search_term_string}"},"query-input":{"@type":"PropertyValueSpecification","valueRequired":true,"valueName":"search_term_string"}}],"inLanguage":"en-GB"},{"@type":"Organization","@id":"https:\/\/ckkmip.pl\/#organization","name":"CKKMIP","url":"https:\/\/ckkmip.pl\/","logo":{"@type":"ImageObject","inLanguage":"en-GB","@id":"https:\/\/ckkmip.pl\/#\/schema\/logo\/image\/","url":"https:\/\/ckkmip.pl\/wp-content\/uploads\/2024\/01\/296100640_579807133669653_3195914079451505221_n.jpg","contentUrl":"https:\/\/ckkmip.pl\/wp-content\/uploads\/2024\/01\/296100640_579807133669653_3195914079451505221_n.jpg","width":1300,"height":1560,"caption":"CKKMIP"},"image":{"@id":"https:\/\/ckkmip.pl\/#\/schema\/logo\/image\/"}}]}},"_links":{"self":[{"href":"https:\/\/ckkmip.pl\/en\/wp-json\/wp\/v2\/pages\/72","targetHints":{"allow":["GET"]}}],"collection":[{"href":"https:\/\/ckkmip.pl\/en\/wp-json\/wp\/v2\/pages"}],"about":[{"href":"https:\/\/ckkmip.pl\/en\/wp-json\/wp\/v2\/types\/page"}],"author":[{"embeddable":true,"href":"https:\/\/ckkmip.pl\/en\/wp-json\/wp\/v2\/users\/1"}],"replies":[{"embeddable":true,"href":"https:\/\/ckkmip.pl\/en\/wp-json\/wp\/v2\/comments?post=72"}],"version-history":[{"count":1,"href":"https:\/\/ckkmip.pl\/en\/wp-json\/wp\/v2\/pages\/72\/revisions"}],"predecessor-version":[{"id":73,"href":"https:\/\/ckkmip.pl\/en\/wp-json\/wp\/v2\/pages\/72\/revisions\/73"}],"wp:attachment":[{"href":"https:\/\/ckkmip.pl\/en\/wp-json\/wp\/v2\/media?parent=72"}],"curies":[{"name":"wp","href":"https:\/\/api.w.org\/{rel}","templated":true}]}}